{"id":701,"date":"2015-02-27T12:48:35","date_gmt":"2015-02-27T05:48:35","guid":{"rendered":"http:\/\/kientrucvui.com\/?page_id=701"},"modified":"2020-07-03T17:05:05","modified_gmt":"2020-07-03T10:05:05","slug":"bangtratuoideplamnha_kimlau_hoangoc_tamtai_2019_2020_2021_2022_2023_2024_2025","status":"publish","type":"page","link":"https:\/\/kientrucvui.com\/home\/bangtratuoideplamnha_kimlau_hoangoc_tamtai_2019_2020_2021_2022_2023_2024_2025","title":{"rendered":"B\u1ea3ng tra tu\u1ed5i l\u00e0m nh\u00e0 kim l\u00e2u, hoang \u1ed1c v\u00e0 tam tai n\u0103m 2019,2020,2021,2022,2023,2024,2025"},"content":{"rendered":"<p>B\u1ea3ng tra tu\u1ed5i l\u00e0m nh\u00e0 kim l\u00e2u, hoang \u1ed1c v\u00e0 tam tai n\u0103m 2019,2020,2021,2022,2023,2024,2025: Theo phong th\u1ee7y th\u00ec vi\u1ec7c l\u00e0m nh\u00e0 n\u00ean xem tu\u1ed5i c\u1ee7a ch\u1ee7 nh\u00e0 v\u1edbi n\u0103m thi c\u00f4ng \u0111\u1ec3 tr\u00e1nh v\u00e0o 3 y\u1ebfu t\u1ed1: Kim L\u00e2u, Ho\u00e0ng \u1ed0c v\u00e0 Tam Tai. \u0110\u1ec3 cho vi\u1ec7c x\u00e2y c\u1ea5t \u0111\u01b0\u1ee3c thu\u1eadn l\u1ee3i, cu\u1ed9c s\u1ed1ng trong nh\u00e0 \u0111\u01b0\u1ee3c \u00f4n h\u00f2a, t\u00e0i l\u1ed9c th\u1ecbnh v\u01b0\u1ee3ng sau n\u00e0y. (xem \u00fd ngh\u0129a&nbsp;Kim L\u00e2u, Ho\u00e0ng \u1ed0c v\u00e0 Tam Tai ph\u00eda cu\u1ed1i trang)<br \/>\n<span style=\"background-color: #ffff99;\"><strong>Click chu\u1ed9t v\u00e0o \u1ea3nh ho\u1eb7c Save\/t\u1ea3i \u1ea3nh v\u1ec1 \u0111\u1ec3 xem r\u00f5 h\u01a1n:<\/strong><\/span><\/p>\n<h3><a href=\"https:\/\/kientrucvui.com\/files\/bangtratuoideplamnha_kimlau_hoangoc_tamtai_2019_2020_2021_2022_2023_2024_2025.png\" target=\"_blank\" rel=\"noopener noreferrer\"><img decoding=\"async\" src=\"https:\/\/kientrucvui.com\/files\/bangtratuoideplamnha_kimlau_hoangoc_tamtai_2019_2020_2021_2022_2023_2024_2025.png\" alt=\"B\u1ea3ng tra tu\u1ed5i l\u00e0m nh\u00e0 kim l\u00e2u, hoang \u1ed1c v\u00e0 tam tai n\u0103m 2019,2020,2021,2022,2023,2024,2025\"><\/a><\/h3>\n<h3 style=\"text-align: left;\"><b>\u00dd NGH\u0128A: KIM L\u00c2U, HO\u00c0NG \u1ed0C, TAM TAI<\/b><\/h3>\n<p><span style=\"text-decoration: underline;\"><b>Kim L\u00e2u:<\/b><\/span><br \/>\n<b>Nam:<\/b> l\u1ea5y tu\u1ed5i theo c\u00e1c c\u1ee5 (tu\u1ed5i m\u1ee5)<br \/>\nL\u1ea5y s\u1ed1 tu\u1ed5i chia cho 9, s\u1ed1 d\u01b0 l\u00e0 1,3,6,8 th\u00ec ph\u1ea1m Kim L\u00e2u (\u0110\u1ec3 t\u00ednh tu\u1ed5i x\u00e2y nh\u00e0):<br \/>\n&#8211; N\u1ebfu d\u01b0 1 l\u00e0 ph\u1ea1m Kim L\u00e2u th\u00e2n (g\u1eady h\u1ea1i cho ng\u01b0\u1eddi ch\u1ee7)<br \/>\n&#8211; N\u1ebfu d\u01b0 3 l\u00e0 ph\u1ea1m Kim L\u00e2u th\u00ea (g\u00e2y h\u1ea1i cho v\u1ee3 ng\u01b0\u1eddi ch\u1ee7)<br \/>\n&#8211; N\u1ebfu d\u01b0 6 l\u00e0 ph\u1ea1m Kim L\u00e2u t\u1eed (g\u00e2y h\u1ea1i cho con ng\u01b0\u1eddi ch\u1ee7)<br \/>\n&#8211; N\u1ebfu d\u01b0 8 l\u00e0 ph\u1ea1m Kim L\u00e2u s\u00fac (g\u00e2y h\u1ea1i cho v\u1eadt nu\u00f4i trong nh\u00e0).<\/p>\n<p>B\u1ea3ng tra tu\u1ed5i l\u00e0m nh\u00e0 kim l\u00e2u, hoang \u1ed1c v\u00e0 tam tai n\u0103m 2019,2020,2021,2022,2023,2024,2025<\/p>\n<p><b><span style=\"text-decoration: underline;\">Tam Tai:<\/span><\/b><br \/>\n&#8211; Ng\u01b0\u1eddi ch\u1ee7 nh\u00e0 tu\u1ed5i <b>Th\u00e2n &#8211; T\u00ed &#8211; Th\u00ecn<\/b> g\u1eb7p h\u1ea1n tam tai v\u00e0o n\u0103m <b>D\u1ea7n &#8211; M\u00e3o &#8211; Th\u00ecn<\/b><br \/>\n&#8211; Ng\u01b0\u1eddi ch\u1ee7 nh\u00e0 tu\u1ed5i <b>D\u1ea7n &#8211; Ng\u1ecd &#8211; Tu\u1ea5t<\/b> g\u1eb7p h\u1ea1n tam tai v\u00e0o n\u0103m <b>Th\u00e2n &#8211; D\u1eadu &#8211; Tu\u1ea5t<\/b><br \/>\n&#8211; Ng\u01b0\u1eddi ch\u1ee7 nh\u00e0 tu\u1ed5i <b>T\u1ef5 &#8211; D\u1eadu &#8211; S\u1eedu<\/b> g\u1eb7p h\u1ea1n tam tai v\u00e0o n\u0103m <b>H\u1ee3i &#8211; T\u00ed &#8211; S\u1eedu<\/b><br \/>\n&#8211; Ng\u01b0\u1eddi ch\u1ee7 nh\u00e0 tu\u1ed5i <b>H\u1ee3i &#8211; M\u00e3o &#8211; M\u00f9i<\/b> g\u1eb7p h\u1ea1n tam tai v\u00e0o n\u0103m <b>T\u1ef5 &#8211; Ng\u1ecd &#8211; M\u00f9i<\/b>.<\/p>\n<p><b><span style=\"text-decoration: underline;\">Ho\u00e0ng \u1ed0c:<\/span><\/b><br \/>\n<b>C\u00e1c tu\u1ed5i Ho\u00e0ng \u1ed0c c\u1ea7n n\u00ean tr\u00e1nh:<br \/>\n<i>12, 14, 15, 18, 21, 23, 24, 27, 29, 30, 32, 33, 36, 38, 39, 41, 42 , 45, 47, 48, 50, 51, 54, 56, 57, 60, 63, 65, 66, 69, 72, 74, 75.<\/i><\/b><br \/>\nHo\u00e0ng \u1ed0c: Hoang \u1ed1c l\u00e0 nh\u00e0 hoang. Nhi\u1ec1u ng\u01b0\u1eddi cho r\u1eb1ng h\u1ea1n Hoang \u1ed0c kh\u00f4ng ph\u1ea3i l\u1edbn n\u00ean v\u1eabn c\u00f3 th\u1ec3 ti\u1ebfn h\u00e0nh x\u00e2y c\u1ea5t, s\u1eeda ch\u1eefa.<\/p>\n","protected":false},"excerpt":{"rendered":"<p>B\u1ea3ng tra tu\u1ed5i l\u00e0m nh\u00e0 kim l\u00e2u, hoang \u1ed1c v\u00e0 tam tai n\u0103m 2019,2020,2021,2022,2023,2024,2025: Theo phong th\u1ee7y th\u00ec vi\u1ec7c l\u00e0m nh\u00e0 n\u00ean xem tu\u1ed5i c\u1ee7a ch\u1ee7 nh\u00e0 v\u1edbi n\u0103m thi c\u00f4ng \u0111\u1ec3 tr\u00e1nh v\u00e0o 3 y\u1ebfu t\u1ed1: Kim L\u00e2u, Ho\u00e0ng \u1ed0c v\u00e0 Tam Tai. \u0110\u1ec3 cho vi\u1ec7c x\u00e2y c\u1ea5t \u0111\u01b0\u1ee3c thu\u1eadn l\u1ee3i, cu\u1ed9c s\u1ed1ng trong&#8230;<\/p>\n","protected":false},"author":2,"featured_media":702,"parent":0,"menu_order":0,"comment_status":"open","ping_status":"open","template":"","meta":{"footnotes":""},"class_list":["post-701","page","type-page","status-publish","has-post-thumbnail","hentry"],"yoast_head":"<!-- This site is optimized with the Yoast SEO plugin v25.2 - https:\/\/yoast.com\/wordpress\/plugins\/seo\/ -->\n<title>B\u1ea3ng tra tu\u1ed5i l\u00e0m nh\u00e0 kim l\u00e2u, hoang \u1ed1c v\u00e0 tam tai n\u0103m 2019,2020,2021,2022,2023,2024,2025<\/title>\n<meta name=\"description\" content=\"B\u1ea3ng tra tu\u1ed5i l\u00e0m nh\u00e0 kim l\u00e2u, hoang \u1ed1c v\u00e0 tam tai n\u0103m 2019, 2020, 2021, 2022, 2023, 2024, 2025, 2026, 2027, 2028, 2029, 2030, 2031 v\u00e0 2032\" \/>\n<meta name=\"robots\" content=\"index, follow, max-snippet:-1, max-image-preview:large, max-video-preview:-1\" \/>\n<link rel=\"canonical\" href=\"https:\/\/kientrucvui.com\/home\/bangtratuoideplamnha_kimlau_hoangoc_tamtai_2019_2020_2021_2022_2023_2024_2025\" \/>\n<meta property=\"og:locale\" content=\"vi_VN\" \/>\n<meta property=\"og:type\" content=\"article\" \/>\n<meta property=\"og:title\" content=\"B\u1ea3ng tra tu\u1ed5i l\u00e0m nh\u00e0 kim l\u00e2u, hoang \u1ed1c v\u00e0 tam tai n\u0103m 2019,2020,2021,2022,2023,2024,2025\" \/>\n<meta property=\"og:description\" content=\"B\u1ea3ng tra tu\u1ed5i l\u00e0m nh\u00e0 kim l\u00e2u, hoang \u1ed1c v\u00e0 tam tai n\u0103m 2019, 2020, 2021, 2022, 2023, 2024, 2025, 2026, 2027, 2028, 2029, 2030, 2031 v\u00e0 2032\" \/>\n<meta property=\"og:url\" content=\"https:\/\/kientrucvui.com\/home\/bangtratuoideplamnha_kimlau_hoangoc_tamtai_2019_2020_2021_2022_2023_2024_2025\" \/>\n<meta property=\"og:site_name\" content=\"Ki\u1ebfn Tr\u00fac Vui\" \/>\n<meta property=\"article:publisher\" content=\"https:\/\/facebook.com\/tuvanthietkenhadep\" \/>\n<meta property=\"article:modified_time\" content=\"2020-07-03T10:05:05+00:00\" \/>\n<meta property=\"og:image\" content=\"https:\/\/kientrucvui.com\/home\/wp-content\/uploads\/2015\/02\/tuoilamnha2015.png\" \/>\n\t<meta property=\"og:image:width\" content=\"429\" \/>\n\t<meta property=\"og:image:height\" content=\"2035\" \/>\n\t<meta property=\"og:image:type\" content=\"image\/png\" \/>\n<meta name=\"twitter:card\" content=\"summary_large_image\" \/>\n<meta name=\"twitter:site\" content=\"@kientrucvui\" \/>\n<meta name=\"twitter:label1\" content=\"\u01af\u1edbc t\u00ednh th\u1eddi gian \u0111\u1ecdc\" \/>\n\t<meta name=\"twitter:data1\" content=\"2 ph\u00fat\" \/>\n<script type=\"application\/ld+json\" class=\"yoast-schema-graph\">{\"@context\":\"https:\/\/schema.org\",\"@graph\":[{\"@type\":\"WebPage\",\"@id\":\"https:\/\/kientrucvui.com\/home\/bangtratuoideplamnha_kimlau_hoangoc_tamtai_2019_2020_2021_2022_2023_2024_2025\",\"url\":\"https:\/\/kientrucvui.com\/home\/bangtratuoideplamnha_kimlau_hoangoc_tamtai_2019_2020_2021_2022_2023_2024_2025\",\"name\":\"B\u1ea3ng tra tu\u1ed5i l\u00e0m nh\u00e0 kim l\u00e2u, hoang \u1ed1c v\u00e0 tam tai n\u0103m 2019,2020,2021,2022,2023,2024,2025\",\"isPartOf\":{\"@id\":\"https:\/\/kientrucvui.com\/home\/#website\"},\"primaryImageOfPage\":{\"@id\":\"https:\/\/kientrucvui.com\/home\/bangtratuoideplamnha_kimlau_hoangoc_tamtai_2019_2020_2021_2022_2023_2024_2025#primaryimage\"},\"image\":{\"@id\":\"https:\/\/kientrucvui.com\/home\/bangtratuoideplamnha_kimlau_hoangoc_tamtai_2019_2020_2021_2022_2023_2024_2025#primaryimage\"},\"thumbnailUrl\":\"https:\/\/kientrucvui.com\/home\/wp-content\/uploads\/2015\/02\/tuoilamnha2015.png\",\"datePublished\":\"2015-02-27T05:48:35+00:00\",\"dateModified\":\"2020-07-03T10:05:05+00:00\",\"description\":\"B\u1ea3ng tra tu\u1ed5i l\u00e0m nh\u00e0 kim l\u00e2u, hoang \u1ed1c v\u00e0 tam tai n\u0103m 2019, 2020, 2021, 2022, 2023, 2024, 2025, 2026, 2027, 2028, 2029, 2030, 2031 v\u00e0 2032\",\"breadcrumb\":{\"@id\":\"https:\/\/kientrucvui.com\/home\/bangtratuoideplamnha_kimlau_hoangoc_tamtai_2019_2020_2021_2022_2023_2024_2025#breadcrumb\"},\"inLanguage\":\"vi\",\"potentialAction\":[{\"@type\":\"ReadAction\",\"target\":[\"https:\/\/kientrucvui.com\/home\/bangtratuoideplamnha_kimlau_hoangoc_tamtai_2019_2020_2021_2022_2023_2024_2025\"]}]},{\"@type\":\"ImageObject\",\"inLanguage\":\"vi\",\"@id\":\"https:\/\/kientrucvui.com\/home\/bangtratuoideplamnha_kimlau_hoangoc_tamtai_2019_2020_2021_2022_2023_2024_2025#primaryimage\",\"url\":\"https:\/\/kientrucvui.com\/home\/wp-content\/uploads\/2015\/02\/tuoilamnha2015.png\",\"contentUrl\":\"https:\/\/kientrucvui.com\/home\/wp-content\/uploads\/2015\/02\/tuoilamnha2015.png\",\"width\":429,\"height\":2035},{\"@type\":\"BreadcrumbList\",\"@id\":\"https:\/\/kientrucvui.com\/home\/bangtratuoideplamnha_kimlau_hoangoc_tamtai_2019_2020_2021_2022_2023_2024_2025#breadcrumb\",\"itemListElement\":[{\"@type\":\"ListItem\",\"position\":1,\"name\":\"Home\",\"item\":\"https:\/\/kientrucvui.com\/home\"},{\"@type\":\"ListItem\",\"position\":2,\"name\":\"B\u1ea3ng tra tu\u1ed5i l\u00e0m nh\u00e0 kim l\u00e2u, hoang \u1ed1c v\u00e0 tam tai n\u0103m 2019,2020,2021,2022,2023,2024,2025\"}]},{\"@type\":\"WebSite\",\"@id\":\"https:\/\/kientrucvui.com\/home\/#website\",\"url\":\"https:\/\/kientrucvui.com\/home\/\",\"name\":\"Ki\u1ebfn Tr\u00fac Vui thi\u1ebft k\u1ebf nh\u00e0 \u0111\u1eb9p\",\"description\":\" | Thi\u1ebft k\u1ebf nh\u00e0 v\u00e0 n\u1ed9i th\u1ea5t chuy\u00ean nghi\u1ec7p | \",\"publisher\":{\"@id\":\"https:\/\/kientrucvui.com\/home\/#organization\"},\"potentialAction\":[{\"@type\":\"SearchAction\",\"target\":{\"@type\":\"EntryPoint\",\"urlTemplate\":\"https:\/\/kientrucvui.com\/home\/?s={search_term_string}\"},\"query-input\":{\"@type\":\"PropertyValueSpecification\",\"valueRequired\":true,\"valueName\":\"search_term_string\"}}],\"inLanguage\":\"vi\"},{\"@type\":\"Organization\",\"@id\":\"https:\/\/kientrucvui.com\/home\/#organization\",\"name\":\"Ki\u1ebfn Tr\u00fac Vui\",\"url\":\"https:\/\/kientrucvui.com\/home\/\",\"logo\":{\"@type\":\"ImageObject\",\"inLanguage\":\"vi\",\"@id\":\"https:\/\/kientrucvui.com\/home\/#\/schema\/logo\/image\/\",\"url\":\"https:\/\/kientrucvui.com\/home\/wp-content\/uploads\/2018\/05\/logoVUI.jpg\",\"contentUrl\":\"https:\/\/kientrucvui.com\/home\/wp-content\/uploads\/2018\/05\/logoVUI.jpg\",\"width\":960,\"height\":960,\"caption\":\"Ki\u1ebfn Tr\u00fac Vui\"},\"image\":{\"@id\":\"https:\/\/kientrucvui.com\/home\/#\/schema\/logo\/image\/\"},\"sameAs\":[\"https:\/\/facebook.com\/tuvanthietkenhadep\",\"https:\/\/x.com\/kientrucvui\",\"https:\/\/www.youtube.com\/channel\/UCd8rRCbZOybgofF_Ax2TGSA\"]}]}<\/script>\n<!-- \/ Yoast SEO plugin. -->","yoast_head_json":{"title":"B\u1ea3ng tra tu\u1ed5i l\u00e0m nh\u00e0 kim l\u00e2u, hoang \u1ed1c v\u00e0 tam tai n\u0103m 2019,2020,2021,2022,2023,2024,2025","description":"B\u1ea3ng tra tu\u1ed5i l\u00e0m nh\u00e0 kim l\u00e2u, hoang \u1ed1c v\u00e0 tam tai n\u0103m 2019, 2020, 2021, 2022, 2023, 2024, 2025, 2026, 2027, 2028, 2029, 2030, 2031 v\u00e0 2032","robots":{"index":"index","follow":"follow","max-snippet":"max-snippet:-1","max-image-preview":"max-image-preview:large","max-video-preview":"max-video-preview:-1"},"canonical":"https:\/\/kientrucvui.com\/home\/bangtratuoideplamnha_kimlau_hoangoc_tamtai_2019_2020_2021_2022_2023_2024_2025","og_locale":"vi_VN","og_type":"article","og_title":"B\u1ea3ng tra tu\u1ed5i l\u00e0m nh\u00e0 kim l\u00e2u, hoang \u1ed1c v\u00e0 tam tai n\u0103m 2019,2020,2021,2022,2023,2024,2025","og_description":"B\u1ea3ng tra tu\u1ed5i l\u00e0m nh\u00e0 kim l\u00e2u, hoang \u1ed1c v\u00e0 tam tai n\u0103m 2019, 2020, 2021, 2022, 2023, 2024, 2025, 2026, 2027, 2028, 2029, 2030, 2031 v\u00e0 2032","og_url":"https:\/\/kientrucvui.com\/home\/bangtratuoideplamnha_kimlau_hoangoc_tamtai_2019_2020_2021_2022_2023_2024_2025","og_site_name":"Ki\u1ebfn Tr\u00fac Vui","article_publisher":"https:\/\/facebook.com\/tuvanthietkenhadep","article_modified_time":"2020-07-03T10:05:05+00:00","og_image":[{"width":429,"height":2035,"url":"https:\/\/kientrucvui.com\/home\/wp-content\/uploads\/2015\/02\/tuoilamnha2015.png","type":"image\/png"}],"twitter_card":"summary_large_image","twitter_site":"@kientrucvui","twitter_misc":{"\u01af\u1edbc t\u00ednh th\u1eddi gian \u0111\u1ecdc":"2 ph\u00fat"},"schema":{"@context":"https:\/\/schema.org","@graph":[{"@type":"WebPage","@id":"https:\/\/kientrucvui.com\/home\/bangtratuoideplamnha_kimlau_hoangoc_tamtai_2019_2020_2021_2022_2023_2024_2025","url":"https:\/\/kientrucvui.com\/home\/bangtratuoideplamnha_kimlau_hoangoc_tamtai_2019_2020_2021_2022_2023_2024_2025","name":"B\u1ea3ng tra tu\u1ed5i l\u00e0m nh\u00e0 kim l\u00e2u, hoang \u1ed1c v\u00e0 tam tai n\u0103m 2019,2020,2021,2022,2023,2024,2025","isPartOf":{"@id":"https:\/\/kientrucvui.com\/home\/#website"},"primaryImageOfPage":{"@id":"https:\/\/kientrucvui.com\/home\/bangtratuoideplamnha_kimlau_hoangoc_tamtai_2019_2020_2021_2022_2023_2024_2025#primaryimage"},"image":{"@id":"https:\/\/kientrucvui.com\/home\/bangtratuoideplamnha_kimlau_hoangoc_tamtai_2019_2020_2021_2022_2023_2024_2025#primaryimage"},"thumbnailUrl":"https:\/\/kientrucvui.com\/home\/wp-content\/uploads\/2015\/02\/tuoilamnha2015.png","datePublished":"2015-02-27T05:48:35+00:00","dateModified":"2020-07-03T10:05:05+00:00","description":"B\u1ea3ng tra tu\u1ed5i l\u00e0m nh\u00e0 kim l\u00e2u, hoang \u1ed1c v\u00e0 tam tai n\u0103m 2019, 2020, 2021, 2022, 2023, 2024, 2025, 2026, 2027, 2028, 2029, 2030, 2031 v\u00e0 2032","breadcrumb":{"@id":"https:\/\/kientrucvui.com\/home\/bangtratuoideplamnha_kimlau_hoangoc_tamtai_2019_2020_2021_2022_2023_2024_2025#breadcrumb"},"inLanguage":"vi","potentialAction":[{"@type":"ReadAction","target":["https:\/\/kientrucvui.com\/home\/bangtratuoideplamnha_kimlau_hoangoc_tamtai_2019_2020_2021_2022_2023_2024_2025"]}]},{"@type":"ImageObject","inLanguage":"vi","@id":"https:\/\/kientrucvui.com\/home\/bangtratuoideplamnha_kimlau_hoangoc_tamtai_2019_2020_2021_2022_2023_2024_2025#primaryimage","url":"https:\/\/kientrucvui.com\/home\/wp-content\/uploads\/2015\/02\/tuoilamnha2015.png","contentUrl":"https:\/\/kientrucvui.com\/home\/wp-content\/uploads\/2015\/02\/tuoilamnha2015.png","width":429,"height":2035},{"@type":"BreadcrumbList","@id":"https:\/\/kientrucvui.com\/home\/bangtratuoideplamnha_kimlau_hoangoc_tamtai_2019_2020_2021_2022_2023_2024_2025#breadcrumb","itemListElement":[{"@type":"ListItem","position":1,"name":"Home","item":"https:\/\/kientrucvui.com\/home"},{"@type":"ListItem","position":2,"name":"B\u1ea3ng tra tu\u1ed5i l\u00e0m nh\u00e0 kim l\u00e2u, hoang \u1ed1c v\u00e0 tam tai n\u0103m 2019,2020,2021,2022,2023,2024,2025"}]},{"@type":"WebSite","@id":"https:\/\/kientrucvui.com\/home\/#website","url":"https:\/\/kientrucvui.com\/home\/","name":"Ki\u1ebfn Tr\u00fac Vui thi\u1ebft k\u1ebf nh\u00e0 \u0111\u1eb9p","description":" | Thi\u1ebft k\u1ebf nh\u00e0 v\u00e0 n\u1ed9i th\u1ea5t chuy\u00ean nghi\u1ec7p | ","publisher":{"@id":"https:\/\/kientrucvui.com\/home\/#organization"},"potentialAction":[{"@type":"SearchAction","target":{"@type":"EntryPoint","urlTemplate":"https:\/\/kientrucvui.com\/home\/?s={search_term_string}"},"query-input":{"@type":"PropertyValueSpecification","valueRequired":true,"valueName":"search_term_string"}}],"inLanguage":"vi"},{"@type":"Organization","@id":"https:\/\/kientrucvui.com\/home\/#organization","name":"Ki\u1ebfn Tr\u00fac Vui","url":"https:\/\/kientrucvui.com\/home\/","logo":{"@type":"ImageObject","inLanguage":"vi","@id":"https:\/\/kientrucvui.com\/home\/#\/schema\/logo\/image\/","url":"https:\/\/kientrucvui.com\/home\/wp-content\/uploads\/2018\/05\/logoVUI.jpg","contentUrl":"https:\/\/kientrucvui.com\/home\/wp-content\/uploads\/2018\/05\/logoVUI.jpg","width":960,"height":960,"caption":"Ki\u1ebfn Tr\u00fac Vui"},"image":{"@id":"https:\/\/kientrucvui.com\/home\/#\/schema\/logo\/image\/"},"sameAs":["https:\/\/facebook.com\/tuvanthietkenhadep","https:\/\/x.com\/kientrucvui","https:\/\/www.youtube.com\/channel\/UCd8rRCbZOybgofF_Ax2TGSA"]}]}},"_links":{"self":[{"href":"https:\/\/kientrucvui.com\/home\/wp-json\/wp\/v2\/pages\/701","targetHints":{"allow":["GET"]}}],"collection":[{"href":"https:\/\/kientrucvui.com\/home\/wp-json\/wp\/v2\/pages"}],"about":[{"href":"https:\/\/kientrucvui.com\/home\/wp-json\/wp\/v2\/types\/page"}],"author":[{"embeddable":true,"href":"https:\/\/kientrucvui.com\/home\/wp-json\/wp\/v2\/users\/2"}],"replies":[{"embeddable":true,"href":"https:\/\/kientrucvui.com\/home\/wp-json\/wp\/v2\/comments?post=701"}],"version-history":[{"count":6,"href":"https:\/\/kientrucvui.com\/home\/wp-json\/wp\/v2\/pages\/701\/revisions"}],"predecessor-version":[{"id":13126,"href":"https:\/\/kientrucvui.com\/home\/wp-json\/wp\/v2\/pages\/701\/revisions\/13126"}],"wp:featuredmedia":[{"embeddable":true,"href":"https:\/\/kientrucvui.com\/home\/wp-json\/wp\/v2\/media\/702"}],"wp:attachment":[{"href":"https:\/\/kientrucvui.com\/home\/wp-json\/wp\/v2\/media?parent=701"}],"curies":[{"name":"wp","href":"https:\/\/api.w.org\/{rel}","templated":true}]}}